{"id":1670,"date":"2023-06-02T16:34:03","date_gmt":"2023-06-02T16:34:03","guid":{"rendered":"https:\/\/wsailing.pro\/?page_id=1670"},"modified":"2023-06-02T17:34:48","modified_gmt":"2023-06-02T17:34:48","slug":"politica-privacidad","status":"publish","type":"page","link":"https:\/\/wsailing.pro\/es\/politica-privacidad\/","title":{"rendered":"Politica Privacidad"},"content":{"rendered":"\t\t<div data-elementor-type=\"wp-page\" data-elementor-id=\"1670\" class=\"elementor elementor-1670\">\n\t\t\t\t\t\t\t\t\t<section class=\"elementor-section elementor-top-section elementor-element elementor-element-edfcd28 elementor-section-full_width elementor-section-height-min-height elementor-section-height-default elementor-section-items-middle\" data-id=\"edfcd28\" data-element_type=\"section\" data-settings=\"{&quot;background_background&quot;:&quot;classic&quot;}\">\n\t\t\t\t\t\t<div class=\"elementor-container elementor-column-gap-no\">\n\t\t\t\t\t<div class=\"elementor-column elementor-col-100 elementor-top-column elementor-element elementor-element-2ecd47f\" data-id=\"2ecd47f\" data-element_type=\"column\">\n\t\t\t<div class=\"elementor-widget-wrap elementor-element-populated\">\n\t\t\t\t\t\t\t\t<div class=\"elementor-element elementor-element-2ba287f elementor-widget elementor-widget-image\" data-id=\"2ba287f\" data-element_type=\"widget\" data-widget_type=\"image.default\">\n\t\t\t\t<div class=\"elementor-widget-container\">\n\t\t\t<style>\/*! elementor - v3.13.3 - 22-05-2023 *\/\n.elementor-widget-image{text-align:center}.elementor-widget-image a{display:inline-block}.elementor-widget-image a img[src$=\".svg\"]{width:48px}.elementor-widget-image img{vertical-align:middle;display:inline-block}<\/style>\t\t\t\t\t\t\t\t\t\t\t\t<img loading=\"lazy\" decoding=\"async\" width=\"300\" height=\"70\" src=\"https:\/\/wsailing.pro\/wp-content\/uploads\/2023\/05\/WAST_Logo_vertical-negative-300x70.png\" class=\"attachment-medium size-medium wp-image-515\" alt=\"\" srcset=\"https:\/\/wsailing.pro\/wp-content\/uploads\/2023\/05\/WAST_Logo_vertical-negative-300x70.png 300w, https:\/\/wsailing.pro\/wp-content\/uploads\/2023\/05\/WAST_Logo_vertical-negative-1024x239.png 1024w, https:\/\/wsailing.pro\/wp-content\/uploads\/2023\/05\/WAST_Logo_vertical-negative-768x179.png 768w, https:\/\/wsailing.pro\/wp-content\/uploads\/2023\/05\/WAST_Logo_vertical-negative-1536x358.png 1536w, https:\/\/wsailing.pro\/wp-content\/uploads\/2023\/05\/WAST_Logo_vertical-negative-2048x477.png 2048w\" sizes=\"auto, (max-width: 300px) 100vw, 300px\" \/>\t\t\t\t\t\t\t\t\t\t\t\t\t\t\t<\/div>\n\t\t\t\t<\/div>\n\t\t\t\t<div class=\"elementor-element elementor-element-c1e355b elementor-widget elementor-widget-text-editor\" data-id=\"c1e355b\" data-element_type=\"widget\" data-widget_type=\"text-editor.default\">\n\t\t\t\t<div class=\"elementor-widget-container\">\n\t\t\t<style>\/*! elementor - v3.13.3 - 22-05-2023 *\/\n.elementor-widget-text-editor.elementor-drop-cap-view-stacked .elementor-drop-cap{background-color:#69727d;color:#fff}.elementor-widget-text-editor.elementor-drop-cap-view-framed .elementor-drop-cap{color:#69727d;border:3px solid;background-color:transparent}.elementor-widget-text-editor:not(.elementor-drop-cap-view-default) .elementor-drop-cap{margin-top:8px}.elementor-widget-text-editor:not(.elementor-drop-cap-view-default) .elementor-drop-cap-letter{width:1em;height:1em}.elementor-widget-text-editor .elementor-drop-cap{float:left;text-align:center;line-height:1;font-size:50px}.elementor-widget-text-editor .elementor-drop-cap-letter{display:inline-block}<\/style>\t\t\t\t<p style=\"font-size: 50px;\">Pol\u00edtica de Privacidad<\/p>\nEsta pol\u00edtica de privacidad establece la forma en que se van a gestionar los datos personales en esta web. Es imprescindible que la leas y aceptes antes de seguir navegando.\n\nWsailing.pro es la web donde se informa sobre los servicios prestados por las sociedades del grupo denominado \u201cWe Are Sailing Team\u201d. La empresa responsable del tratamiento es We Are Sailing Team S.L. (en adelante We Are Sailing Team) inscrita en el Registro Mercantil de Madrid, al Tomo 44008, Folio 163, Secci\u00f3n 8, Hoja 776309, Inscripci\u00f3n 2, con CIF B-72.452.543 y domicilio en Calle Vel\u00e1zquez n\u00famero 10, 2\u00ba planta, Madrid, con C\u00f3digo Postal 28001, Espa\u00f1a.\n\nEntre los valores con los que nos identificamos est\u00e1 la transparencia, por eso deseamos que conozcas desde el inicio, que la privacidad de tus datos es muy importante para nosotros. En esta declaraci\u00f3n de privacidad se explica qu\u00e9 datos personales recopilamos de nuestros usuarios y c\u00f3mo los utilizamos. Te invitamos a leer detenidamente estos t\u00e9rminos antes de facilitar tus datos personales en esta web.\n\nEn el caso de los menores de trece a\u00f1os se requiere el consentimiento de los padres o tutores para el tratamiento de sus datos personales.\n\nSi eres menor de trece a\u00f1os y has accedido a este sitio web sin avisar a tus padres no debes facilitar ning\u00fan tipo de dato personal.\n\nEn esta web se respetan y cuidan los datos personales de los usuarios. Como usuario debes saber que tus derechos est\u00e1n garantizados.\n\nNos hemos esforzado en crear un espacio seguro y confiable y por eso queremos compartir nuestros principios respecto a tu privacidad:\n<ul>\n \t<li>Nunca solicitamos informaci\u00f3n personal a menos que realmente sea necesaria para prestarte los servicios que nos requieras.<\/li>\n \t<li>Nunca compartimos informaci\u00f3n personal de nuestros usuarios con nadie, excepto para cumplir con la ley o en caso de que contemos con tu autorizaci\u00f3n expresa.<\/li>\n \t<li>Nunca utilizaremos tus datos personales con una finalidad diferente a la expresada en esta pol\u00edtica de privacidad.<\/li>\n<\/ul>\nEs preciso advertir que esta Pol\u00edtica de Privacidad podr\u00eda variar en funci\u00f3n de exigencias legislativas o de autorregulaci\u00f3n, por lo que se aconseja a los usuarios que la visiten peri\u00f3dicamente. Ser\u00e1 aplicable en caso de que los usuarios decidan rellenar alg\u00fan formulario de contacto donde se recaben datos de car\u00e1cter personal.\n\nWe Are Sailing Team ha adecuado esta web a las exigencias del Reglamento (UE) 2016\/679 del Parlamento Europeo y del Consejo de 27 de abril de 2016 relativo a la protecci\u00f3n de las personas f\u00edsicas (RGPD), as\u00ed como con la Ley 34\/2002, de 11 de julio, de Servicios de la Sociedad de la Informaci\u00f3n y Comercio Electr\u00f3nico (LSSICE o LSSI).\n<h4>RESPONSABLE DEL TRATAMIENTO DE TUS DATOS PERSONALES<\/h4>\nIdentidad del Responsable: We Are Sailing Team, S.L.\nNombre comercial: We Are Sailing Team.\nNIF\/CIF: B-72.452.543\nDirecci\u00f3n: Calle Vel\u00e1zquez n\u00famero 10, 2\u00ba planta, Madrid, con C\u00f3digo Postal 28001, Espa\u00f1a.\nCorreo electr\u00f3nico: protecciondatos@wsailing.pro\nActividad: Transporte mar\u00edtimo de pasajeros.\nInscrita en el Registro Mercantil de Madrid, al Tomo 44008, Folio 163, Secci\u00f3n 8, Hoja 776309, Inscripci\u00f3n 2.\nA efectos de lo previsto en el Reglamento General de Protecci\u00f3n de Datos antes citado, los datos personales que nos env\u00edes a trav\u00e9s de los formularios de la web, recibir\u00e1n el tratamiento de datos de \u201cUsuarios de la web\u201d.\n\nPara el tratamiento de datos de nuestros usuarios, implementamos todas las medidas t\u00e9cnicas y organizativas de seguridad establecidas en la legislaci\u00f3n vigente.\n<h4>PRINCIPIOS QUE APLICAREMOS A TU INFORMACI\u00d3N PERSONAL<\/h4>\nEn el tratamiento de tus datos personales, aplicaremos los siguientes principios que se ajustan a las exigencias del nuevo reglamento europeo de protecci\u00f3n de datos:\n<ul>\n \t<li>PRINCIPIO DE LICITUD, LEALTAD Y TRANSPARENCIA: Siempre vamos a requerir tu consentimiento para el tratamiento de tus datos personales para uno o varios fines espec\u00edficos que te informaremos previamente con absoluta transparencia.<\/li>\n \t<li>PRINCIPIO DE MINIMIZACI\u00d3N DE DATOS: Solo vamos a solicitar datos estrictamente necesarios en relaci\u00f3n con los fines para los que los requerimos. Los m\u00ednimos posibles.<\/li>\n \t<li>PRINCIPIO DE LIMITACI\u00d3N DEL PLAZO DE CONSERVACI\u00d3N: los datos ser\u00e1n mantenidos durante no m\u00e1s tiempo del necesario para los fines del tratamiento, en funci\u00f3n a la finalidad, te informaremos del plazo de conservaci\u00f3n correspondiente, en el caso de suscripciones, peri\u00f3dicamente revisaremos nuestras listas y eliminaremos aquellos registros inactivos durante un tiempo considerable.<\/li>\n \t<li>PRINCIPIO DE INTEGRIDAD Y CONFIDENCIALIDAD: Tus datos ser\u00e1n tratados de tal manera que se garantice una seguridad adecuada de los datos personales y se garantice confidencialidad. Debes saber que tomamos todas las precauciones necesarias para evitar el acceso no autorizado o uso indebido de los datos de nuestros usuarios por parte de terceros.<\/li>\n<\/ul>\n<h4>\u00bfC\u00d3MO HEMOS OBTENIDO TUS DATOS?<\/h4>\nLos datos personales que tratamos en Urbania proceden de:\n<ul>\n \t<li>Formulario de contacto y de solicitud de informaci\u00f3n.<\/li>\n<\/ul>\n<h4>\u00bfCU\u00c1LES SON TUS DERECHOS CUANDO NOS FACILITAS TUS DATOS?<\/h4>\nCualquier persona tiene derecho a obtener confirmaci\u00f3n sobre si en We Are Sailing Team estamos tratando datos personales que me concierne, o no. Las personas interesadas tienen derecho a:\n<ul>\n \t<li>Solicitar el acceso a los datos personales relativos al interesado.<\/li>\n \t<li>Solicitar su rectificaci\u00f3n o supresi\u00f3n.<\/li>\n \t<li>Solicitar la limitaci\u00f3n de su tratamiento.<\/li>\n \t<li>Oponerse al tratamiento.<\/li>\n \t<li>Solicitar la portabilidad de los datos.<\/li>\n<\/ul>\nLos interesados podr\u00e1n acceder a sus datos personales, as\u00ed como a solicitar la rectificaci\u00f3n de los datos inexactos o, en su caso, solicitar su supresi\u00f3n cuando, entre otros motivos, los datos ya no sean necesarios para los fines que fueron recogidos. En determinadas circunstancias, los interesados podr\u00e1n solicitar la limitaci\u00f3n del tratamiento de sus datos, en cuyo caso \u00fanicamente los conservar\u00e9 para el ejercicio o la defensa de reclamaciones.\n\nEn determinadas circunstancias y por motivos relacionados con su situaci\u00f3n particular, los interesados podr\u00e1n oponerse al tratamiento de sus datos. We Are Sailing Team, S.L. dejar\u00e1 de tratar los datos, salvo por motivos leg\u00edtimos imperiosos, o el ejercicio o la defensa de posibles reclamaciones. C\u00f3mo interesado, tienes derecho a recibir los datos personales que te incumban, que nos hayas facilitado y en un formato estructurado, de uso com\u00fan y lectura mec\u00e1nica, y a transmitirlos a otro responsable del tratamiento cuando:\n<ul>\n \t<li>El tratamiento est\u00e9 basado en el consentimiento<\/li>\n \t<li>Los datos hayan sido facilitados por la persona interesada<\/li>\n \t<li>El tratamiento se efect\u00fae por medios automatizados<\/li>\n<\/ul>\nAl ejercer tu derecho a la portabilidad de los datos, tendr\u00e1s derecho a que los datos personales se transmitan directamente de responsable a responsable cuando sea t\u00e9cnicamente posible.\n\nLos interesados tambi\u00e9n tendr\u00e1n derecho a la tutela judicial efectiva y a presentar una reclamaci\u00f3n ante la autoridad de control, en este caso, la Agencia Espa\u00f1ola de Protecci\u00f3n de Datos, si consideran que el tratamiento de datos personales que le conciernen infringe el Reglamento.\n<h4>\u00bfCON QU\u00c9 FINALIDAD TRATAMOS TUS DATOS PERSONALES?<\/h4>\nCuando un usuario se conecta con esta web para, por ejemplo, solicitar informaci\u00f3n relativa a los servicios prestado por We Are Sailing Team o las promociones inmobiliarias comercializadas por \u00e9sta, est\u00e1 facilitando informaci\u00f3n de car\u00e1cter personal de la que es responsable We Are Sailing Team. Esa informaci\u00f3n puede incluir datos de car\u00e1cter personal como pueden ser tu direcci\u00f3n IP, nombre, direcci\u00f3n f\u00edsica, direcci\u00f3n de correo electr\u00f3nico, n\u00famero de tel\u00e9fono, y otra informaci\u00f3n. Al facilitar esta informaci\u00f3n, el usuario da su consentimiento para que su informaci\u00f3n sea recopilada, utilizada, gestionada y almacenada por We Are Sailing Team, s\u00f3lo como se describe en el Aviso Legal y en la presente Pol\u00edtica de Privacidad.\n\nEn We Are Sailing Team existe el siguiente sistema de captura de informaci\u00f3n personal:\n<ul>\n \t<li>Formulario de Solicitud de Informaci\u00f3n: Solicitamos los siguientes datos personales: Nombre e Email, para responder a los requerimientos de los usuarios de wsailing.pro. Por ejemplo, podemos utilizar esos datos para responder a tu solicitud y dar respuesta a las dudas, quejas, comentarios o inquietudes que puedas tener relativas a la informaci\u00f3n incluida en la web, los distintos servicios que presta We Are Sailing Team, las promociones inmobiliarias que comercializa, as\u00ed como cualesquiera otras consultas que puedas tener.<\/li>\n<\/ul>\nExisten otras finalidades por la que tratamos tus datos personales:\n<ul>\n \t<li>Para garantizar el cumplimiento de las condiciones de uso y la ley aplicable. Esto puede incluir el desarrollo de herramientas y algoritmos que ayudan a esta web a garantizar la confidencialidad de los datos personales que recoge.<\/li>\n \t<li>Para apoyar y mejorar los servicios que ofrece esta web.<\/li>\n \t<li>Tambi\u00e9n se recogen otros datos no identificativos que se obtienen mediante algunas cookies que se descargan en el ordenador del usuario cuando navega en esta web.<\/li>\n \t<li>Para gestionar las redes sociales. We Are Sailing Team puede tener presencia en redes sociales. El tratamiento de los datos que se lleve a cabo de las personas que se hagan seguidoras en las redes sociales de las p\u00e1ginas oficiales de wsailing.pro, se regir\u00e1 por este apartado. As\u00ed como por aquellas condiciones de uso, pol\u00edticas de privacidad y normativas de acceso que pertenezcan a la red social que proceda en cada caso y aceptadas previamente por el usuario. We Are Sailing Team, S.L. tratar\u00e1 sus datos con las finalidades de administrar correctamente su presencia en la red social, informando de actividades, productos o servicios de We Are Sailing Team. As\u00ed como para cualquier otra finalidad que las normativas de las redes sociales permitan. En ning\u00fan caso utilizaremos los perfiles de seguidores en redes sociales para enviar publicidad de manera individual.<\/li>\n<\/ul>\nDe acuerdo a lo establecido en el reglamento general de protecci\u00f3n de datos europeo (RGPD) 2016\/679, We Are Sailing Team, S.L. (We Are Sailing Team) con domicilio en Calle Vel\u00e1zquez n\u00famero 10, 2\u00ba planta, Madrid, (28001), Espa\u00f1a, ser\u00e1 responsable del tratamiento de los datos correspondientes a usuarios de la web.\n\nWe Are Sailing Team, no vende, alquila ni cede datos de car\u00e1cter personal que puedan identificar al usuario, ni lo har\u00e1 en el futuro, a terceros sin el consentimiento previo. Sin embargo, en algunos casos se pueden realizar colaboraciones con otros profesionales, en esos casos, se requerir\u00e1 consentimiento a los usuarios informando sobre la identidad del colaborador y la finalidad de la colaboraci\u00f3n. Siempre se realizar\u00e1 con los m\u00e1s estrictos est\u00e1ndares de seguridad.\n<h4>LEGITIMACI\u00d3N PARA EL TRATAMIENTO DE TUS DATOS<\/h4>\n<ul>\n \t<li>La base legal para el tratamiento de sus datos es: el consentimiento.<\/li>\n \t<li>Para contactar a trav\u00e9s de esta web se requiere el consentimiento con esta pol\u00edtica de privacidad.<\/li>\n \t<li>La oferta prospectiva o comercial de productos y servicios est\u00e1 basada en el consentimiento que se le solicita.<\/li>\n<\/ul>\n<h4>CATEGOR\u00cdA DE DATOS<\/h4>\n<ul>\n \t<li>Las categor\u00edas de datos que se tratan son datos identificativos.<\/li>\n \t<li>No se tratan categor\u00edas de datos especialmente protegidos ni sensibles.<\/li>\n<\/ul>\n<h4>\u00bfPOR CU\u00c1NTO TIEMPO CONSERVAREMOS TUS DATOS?<\/h4>\n<ul>\n \t<li>Los datos personales proporcionados se conservar\u00e1n:<\/li>\n \t<li>Mientras se mantenga la relaci\u00f3n mercantil.<\/li>\n \t<li>Hasta que no se solicite su supresi\u00f3n por el interesado.<\/li>\n \t<li>Periodo a partir de la \u00faltima confirmaci\u00f3n de inter\u00e9s: 1 a\u00f1o.<\/li>\n<\/ul>\n<h4>NAVEGACI\u00d3N<\/h4>\nAl navegar por wsailing.pro se pueden recoger datos no identificables, que pueden incluir, direcciones IP, ubicaci\u00f3n geogr\u00e1fica (aproximadamente), un registro de c\u00f3mo se utilizan los servicios y sitios, y otros datos que no pueden ser utilizados para identificar al usuario. Entre los datos no identificativos est\u00e1n tambi\u00e9n los relacionados a tus h\u00e1bitos de navegaci\u00f3n a trav\u00e9s de servicios de terceros.\n\nUtilizamos esta informaci\u00f3n para analizar tendencias, administrar el sitio, rastrear los movimientos de los usuarios alrededor del sitio y para recopilar informaci\u00f3n demogr\u00e1fica sobre nuestra base de usuarios en su conjunto.\n<h4>SECRETO Y SEGURIDAD DE LOS DATOS<\/h4>\nWsailing.pro se compromete en el uso y tratamiento de los datos incluidos personales de los usuarios, respetando su confidencialidad y a utilizarlos de acuerdo con la finalidad del mismo, as\u00ed como a dar cumplimiento a su obligaci\u00f3n de guardarlos y adaptar todas las medidas para evitar la alteraci\u00f3n, p\u00e9rdida, tratamiento o acceso no autorizado, de conformidad con lo establecido en la normativa vigente de protecci\u00f3n de datos.\n\nEsta web incluye un certificado SSL. Se trata de un protocolo de seguridad que hace que tus datos viajen de manera \u00edntegra y segura, es decir, la transmisi\u00f3n de los datos entre un servidor y usuario web, y en retroalimentaci\u00f3n, es totalmente cifrada o encriptada.\n\nWsailing.pro no puede garantizar la absoluta inexpugnabilidad de la red Internet y por tanto la violaci\u00f3n de los datos mediante accesos fraudulentos a ellos por parte de terceros.\n\nCon respecto a la confidencialidad del procesamiento, We Are Sailing Team, S.L. se asegurar\u00e1 de que cualquier persona que est\u00e9 autorizada por We Are Sailing Team para procesar los datos del cliente (incluido su personal, colaboradores y prestadores), estar\u00e1 bajo la obligaci\u00f3n apropiada de confidencialidad (ya sea un deber contractual o legal).\n\nCuando se presente alg\u00fan incidente de seguridad, al darse cuenta, We Are Sailing Team, S.L., deber\u00e1 notificar al Cliente sin demoras indebidas y deber\u00e1 proporcionar informaci\u00f3n oportuna relacionada con el Incidente de Seguridad tal como se conozca o cuando el Cliente lo solicite razonablemente.\n<h4>EXACTITUD Y VERACIDAD DE LOS DATOS<\/h4>\nComo usuario, eres el \u00fanico responsable de la veracidad y correcci\u00f3n de los datos que remitas a www.byurbania.com exonerando a We Are Sailing Team, de cualquier responsabilidad al respecto.\n\nLos usuarios garantizan y responden, en cualquier caso, de la exactitud, vigencia y autenticidad de los datos personales facilitados, y se comprometen a mantenerlos debidamente actualizados. El usuario acepta proporcionar informaci\u00f3n completa y correcta en el formulario de contacto o suscripci\u00f3n.\n<h4>CESI\u00d3N A TERCEROS<\/h4>\nEl titular de los datos autoriza expresamente que sus datos puedan ser cedidos, cuando sea estrictamente necesario, a las sociedades que forman We Are Sailing Team o las entidades (agencias) que se puedan encargar de comercializar las promociones o promover por We Are Sailing Team.\n\nEl objetivo de esta cesi\u00f3n no ser\u00e1 otro que prestar el mejor servicio posible en relaci\u00f3n a los servicios contratados o que, en su caso, el usuario pueda contratar con We Are Sailing Team.\n\nA parte de estas cesiones, expresamente autorizadas por usted, We Are Sailing Team no cede datos de car\u00e1cter personal sin el consentimiento expreso de sus titulares, que deber\u00e1 ser concedido en cada ocasi\u00f3n, siendo s\u00f3lo cedidos con la finalidad expresada y siempre con el consentimiento del usuario o cliente.\n<h4>ACEPTACI\u00d3N Y CONSENTIMIENTO<\/h4>\nEl usuario declara haber sido informado de las condiciones sobre protecci\u00f3n de datos de car\u00e1cter personal, aceptando y consintiendo el tratamiento de los mismos por parte de We Are Sailing Team, S.L. (Urbania) en la forma y para las finalidades indicadas en esta pol\u00edtica de privacidad.\n<h4>REVOCABILIDAD<\/h4>\nEl consentimiento prestado, tanto para el tratamiento como para la cesi\u00f3n de los datos de los interesados, es revocable en cualquier momento comunic\u00e1ndolo a We Are Sailing Team, S.L. (We Are Sailing Team) en los t\u00e9rminos establecidos en esta Pol\u00edtica para el ejercicio de sus derechos. Esta revocaci\u00f3n en ning\u00fan caso tendr\u00e1 car\u00e1cter retroactivo.\n<h4>CAMBIOS EN LA POL\u00cdTICA DE PRIVACIDAD<\/h4>\nWe Are Sailing Team, S.L. se reserva el derecho a modificar la presente pol\u00edtica para adaptarla a novedades legislativas o de jurisprudencia, as\u00ed como a pr\u00e1cticas de la industria. En dichos supuestos, We Are Sailing Team, S.L. anunciar\u00e1 en esta p\u00e1gina los cambios introducidos con razonable antelaci\u00f3n a su puesta en pr\u00e1ctica.\n<h4>CORREOS Y COMUNICACIONES COMERCIALES<\/h4>\nDe acuerdo con la LSSICE, Urbania no realiza pr\u00e1cticas de SPAM, por lo que no env\u00eda correos comerciales por v\u00eda electr\u00f3nica que no hayan sido previamente solicitados o autorizados por el usuario.\n\nConforme a lo dispuesto en la Ley 34\/2002 de Servicios de la Sociedad de la Informaci\u00f3n y de comercio electr\u00f3nico, Urbania se compromete a no enviar comunicaciones de car\u00e1cter comercial sin identificarlas debidamente.\n\nEn relaci\u00f3n con el env\u00edo de comunicaciones de la Sociedad con objeto de:\n<ul>\n \t<li>Informarte sobre servicios diversos y promociones inmobiliarias construidas o comercializadas por We Are Sailing Team.<\/li>\n \t<li>Invitarte a eventos.<\/li>\n \t<li>Participar en concursos o promociones.<\/li>\n \t<li>Otros servicios ofrecidos por la Sociedad.<\/li>\n<\/ul>\nA los efectos de remitirte comunicaciones de tu inter\u00e9s, la Sociedad realizar\u00e1 un an\u00e1lisis sobre los intereses que nos hayas puesto de manifiesto.\n<ul>\n \t<li>BASE LEGAL: El Consentimiento del titular. Mediante la marcaci\u00f3n de la casilla que figura en el formulario de registro, autorizar\u00e1s que la Sociedad te remita comunicaciones comerciales en los t\u00e9rminos indicados en la anterior columna.<\/li>\n \t<li>DESTINATARIOS: No se ceder\u00e1n tus datos personales sobre la base de este tratamiento. Las categor\u00edas de prestadores de servicios que podr\u00edan acceder a tus datos, adem\u00e1s de lo indicado en el apartado 2 son prestadores de servicios de env\u00edo de comunicaciones.<\/li>\n \t<li>TRANSFERENCIAS INTERNACIONALES: Se podr\u00e1n realizar transferencias internacionales de tus datos personales a prestadores de servicios de la Sociedad. Estos prestadores pueden estar ubicados en estados fuera del Espacio Econ\u00f3mico Europeo. Cuando no se haya declarado que cuentan con un nivel de protecci\u00f3n equivalente al europeo, la Sociedad adoptar\u00e1 las correspondientes cl\u00e1usulas contractuales tipo o exigir\u00e1 la adhesi\u00f3n a Privacy Shield.<\/li>\n \t<li>PLAZO DE CONSERVACI\u00d3N: Hasta que los datos personales dejen de ser \u00fatiles o hasta que el titular de los datos revoque de manera expresa su consentimiento.\nDesde Urbania te agradecemos el tiempo dedicado en leer esta pol\u00edtica de privacidad.<\/li>\n<\/ul>\t\t\t\t\t\t<\/div>\n\t\t\t\t<\/div>\n\t\t\t\t<section class=\"elementor-section elementor-inner-section elementor-element elementor-element-5611434 elementor-section-boxed elementor-section-height-default elementor-section-height-default\" data-id=\"5611434\" data-element_type=\"section\">\n\t\t\t\t\t\t<div class=\"elementor-container elementor-column-gap-default\">\n\t\t\t\t\t<div class=\"elementor-column elementor-col-100 elementor-inner-column elementor-element elementor-element-11e7f7e\" data-id=\"11e7f7e\" data-element_type=\"column\">\n\t\t\t<div class=\"elementor-widget-wrap elementor-element-populated\">\n\t\t\t\t\t\t\t\t<div class=\"elementor-element elementor-element-83d9f5f elementor-widget elementor-widget-text-editor\" data-id=\"83d9f5f\" data-element_type=\"widget\" data-widget_type=\"text-editor.default\">\n\t\t\t\t<div class=\"elementor-widget-container\">\n\t\t\t\t\t\t\t<p style=\"text-align: center;\">wearesalingteam \u00a9 2023 |\u00a0<a href=\"https:\/\/wsailing.pro\/politica-privacidad\/\" rel=\"noopener\">Pol\u00edtica de Privacidad<\/a>\u00a0|\u00a0<a href=\"https:\/\/wsailing.pro\/aviso-legal\/\" rel=\"noopener\">Aviso Legal<\/a><\/p>\t\t\t\t\t\t<\/div>\n\t\t\t\t<\/div>\n\t\t\t\t\t<\/div>\n\t\t<\/div>\n\t\t\t\t\t\t\t<\/div>\n\t\t<\/section>\n\t\t\t\t\t<\/div>\n\t\t<\/div>\n\t\t\t\t\t\t\t<\/div>\n\t\t<\/section>\n\t\t\t\t\t\t\t<\/div>\n\t\t","protected":false},"excerpt":{"rendered":"<p>Pol\u00edtica de Privacidad Esta pol\u00edtica de privacidad establece la forma en que se van a gestionar los datos personales en esta web. Es imprescindible que la leas y aceptes antes de seguir navegando. Wsailing.pro es la web donde se informa sobre los servicios prestados por las sociedades del grupo denominado \u201cWe Are Sailing Team\u201d. La [&hellip;]<\/p>\n","protected":false},"author":2,"featured_media":0,"parent":0,"menu_order":0,"comment_status":"closed","ping_status":"closed","template":"elementor_canvas","meta":{"content-type":"","footnotes":""},"class_list":["post-1670","page","type-page","status-publish","hentry"],"_links":{"self":[{"href":"https:\/\/wsailing.pro\/es\/wp-json\/wp\/v2\/pages\/1670","targetHints":{"allow":["GET"]}}],"collection":[{"href":"https:\/\/wsailing.pro\/es\/wp-json\/wp\/v2\/pages"}],"about":[{"href":"https:\/\/wsailing.pro\/es\/wp-json\/wp\/v2\/types\/page"}],"author":[{"embeddable":true,"href":"https:\/\/wsailing.pro\/es\/wp-json\/wp\/v2\/users\/2"}],"replies":[{"embeddable":true,"href":"https:\/\/wsailing.pro\/es\/wp-json\/wp\/v2\/comments?post=1670"}],"version-history":[{"count":28,"href":"https:\/\/wsailing.pro\/es\/wp-json\/wp\/v2\/pages\/1670\/revisions"}],"predecessor-version":[{"id":1740,"href":"https:\/\/wsailing.pro\/es\/wp-json\/wp\/v2\/pages\/1670\/revisions\/1740"}],"wp:attachment":[{"href":"https:\/\/wsailing.pro\/es\/wp-json\/wp\/v2\/media?parent=1670"}],"curies":[{"name":"wp","href":"https:\/\/api.w.org\/{rel}","templated":true}]}}