{"id":1693,"date":"2023-06-02T17:04:50","date_gmt":"2023-06-02T17:04:50","guid":{"rendered":"https:\/\/wsailing.pro\/?page_id=1693"},"modified":"2023-06-02T17:33:26","modified_gmt":"2023-06-02T17:33:26","slug":"aviso-legal","status":"publish","type":"page","link":"https:\/\/wsailing.pro\/es\/aviso-legal\/","title":{"rendered":"Aviso Legal"},"content":{"rendered":"\t\t<div data-elementor-type=\"wp-page\" data-elementor-id=\"1693\" class=\"elementor elementor-1693\">\n\t\t\t\t\t\t\t\t\t<section class=\"elementor-section elementor-top-section elementor-element elementor-element-9e09820 elementor-section-full_width elementor-section-height-min-height elementor-section-height-default elementor-section-items-middle\" data-id=\"9e09820\" data-element_type=\"section\" data-settings=\"{&quot;background_background&quot;:&quot;classic&quot;}\">\n\t\t\t\t\t\t<div class=\"elementor-container elementor-column-gap-no\">\n\t\t\t\t\t<div class=\"elementor-column elementor-col-100 elementor-top-column elementor-element elementor-element-0cd857d\" data-id=\"0cd857d\" data-element_type=\"column\">\n\t\t\t<div class=\"elementor-widget-wrap elementor-element-populated\">\n\t\t\t\t\t\t\t\t<div class=\"elementor-element elementor-element-ca72539 elementor-widget elementor-widget-image\" data-id=\"ca72539\" data-element_type=\"widget\" data-widget_type=\"image.default\">\n\t\t\t\t<div class=\"elementor-widget-container\">\n\t\t\t<style>\/*! elementor - v3.13.3 - 22-05-2023 *\/\n.elementor-widget-image{text-align:center}.elementor-widget-image a{display:inline-block}.elementor-widget-image a img[src$=\".svg\"]{width:48px}.elementor-widget-image img{vertical-align:middle;display:inline-block}<\/style>\t\t\t\t\t\t\t\t\t\t\t\t<img loading=\"lazy\" decoding=\"async\" width=\"300\" height=\"70\" src=\"https:\/\/wsailing.pro\/wp-content\/uploads\/2023\/05\/WAST_Logo_vertical-negative-300x70.png\" class=\"attachment-medium size-medium wp-image-515\" alt=\"\" srcset=\"https:\/\/wsailing.pro\/wp-content\/uploads\/2023\/05\/WAST_Logo_vertical-negative-300x70.png 300w, https:\/\/wsailing.pro\/wp-content\/uploads\/2023\/05\/WAST_Logo_vertical-negative-1024x239.png 1024w, https:\/\/wsailing.pro\/wp-content\/uploads\/2023\/05\/WAST_Logo_vertical-negative-768x179.png 768w, https:\/\/wsailing.pro\/wp-content\/uploads\/2023\/05\/WAST_Logo_vertical-negative-1536x358.png 1536w, https:\/\/wsailing.pro\/wp-content\/uploads\/2023\/05\/WAST_Logo_vertical-negative-2048x477.png 2048w\" sizes=\"auto, (max-width: 300px) 100vw, 300px\" \/>\t\t\t\t\t\t\t\t\t\t\t\t\t\t\t<\/div>\n\t\t\t\t<\/div>\n\t\t\t\t<div class=\"elementor-element elementor-element-356b6f0 elementor-widget elementor-widget-text-editor\" data-id=\"356b6f0\" data-element_type=\"widget\" data-widget_type=\"text-editor.default\">\n\t\t\t\t<div class=\"elementor-widget-container\">\n\t\t\t<style>\/*! elementor - v3.13.3 - 22-05-2023 *\/\n.elementor-widget-text-editor.elementor-drop-cap-view-stacked .elementor-drop-cap{background-color:#69727d;color:#fff}.elementor-widget-text-editor.elementor-drop-cap-view-framed .elementor-drop-cap{color:#69727d;border:3px solid;background-color:transparent}.elementor-widget-text-editor:not(.elementor-drop-cap-view-default) .elementor-drop-cap{margin-top:8px}.elementor-widget-text-editor:not(.elementor-drop-cap-view-default) .elementor-drop-cap-letter{width:1em;height:1em}.elementor-widget-text-editor .elementor-drop-cap{float:left;text-align:center;line-height:1;font-size:50px}.elementor-widget-text-editor .elementor-drop-cap-letter{display:inline-block}<\/style>\t\t\t\t<p style=\"font-size: 50px;\">Aviso legal<\/p>\n<h4>OBJETO<\/h4>\nLa presente p\u00e1gina Web ha sido creada para dar a conocer los servicios y productos ofertados por la entidad We Are Sailing Team, S.L. (en adelante We Are Sailing Team) inscrita en el Registro Mercantil de Madrid, al Tomo 44008, Folio 163, Secci\u00f3n 8, Hoja 776309, Inscripci\u00f3n 2, con CIF B-72.452.543 y domicilio en Calle Vel\u00e1zquez n\u00famero 10, 2\u00ba planta, Madrid, con C\u00f3digo Postal 28001, Espa\u00f1a; as\u00ed como para la recepci\u00f3n de posibles clientes y contactos comerciales. As\u00ed mismo, se pueden conocer a trav\u00e9s de esta p\u00e1gina web productos y servicios de otras sociedades directamente relacionadas con We Are Sailing Team.\n\nAdem\u00e1s de en la direcci\u00f3n postal indicada en el p\u00e1rrafo previo, puede ponerse en contacto con nosotros a trav\u00e9s del siguiente email: crew@wsailing.pro\n<h4>PROPIEDAD INDUSTRIAL E INTELECTUAL<\/h4>\nLos derechos de propiedad intelectual de la p\u00e1gina wsailing.pro, su c\u00f3digo fuente, dise\u00f1o, estructuras de navegaci\u00f3n y los distintos elementos en ella contenidos son titularidad de We Are Sailing Team, a quien corresponde el ejercicio exclusivo de los derechos de explotaci\u00f3n de los mismos en cualquier forma y, en especial, los derechos de reproducci\u00f3n, distribuci\u00f3n, comunicaci\u00f3n p\u00fablica y transformaci\u00f3n, de acuerdo con la legislaci\u00f3n espa\u00f1ola y de la uni\u00f3n europea aplicable.\n\nEl portal de We Are Sailing Team, las p\u00e1ginas que comprende y la informaci\u00f3n o elementos contenidos en las mismas, incluyen textos, documentos, fotograf\u00edas, dibujos, representaciones gr\u00e1ficas, programas inform\u00e1ticos, as\u00ed como logotipos, marcas, nombres comerciales, u otros signos distintivos, protegidos por derechos de propiedad intelectual o industrial, de los que We Are Sailing Team son titulares o leg\u00edtimas licenciatarias.\n<h4>CONTENIDOS<\/h4>\nSe facilita a trav\u00e9s de esta web informaci\u00f3n acerca de servicios destinados a conocimiento p\u00fablico que en todo caso se sujetar\u00e1n a los t\u00e9rminos y condiciones expresamente detallados en cada momento, los cuales se someter\u00e1n a las distintas disposiciones legales de aplicaci\u00f3n.\n<h4>ACCESO Y USO<\/h4>\nTanto el acceso a esta p\u00e1gina web, como el uso que pueda hacerse de la informaci\u00f3n y contenidos incluidos en la misma, ser\u00e1 de la exclusiva responsabilidad de quien lo realice. Las condiciones de acceso a este Web estar\u00e1n supeditadas a la legalidad vigente y los principios de la buena fe y uso l\u00edcito por parte del usuario de la misma, quedando prohibido con car\u00e1cter general cualquier tipo de actuaci\u00f3n en perjuicio de We Are Sailing Team.\n\nSe considerar\u00e1 terminantemente prohibido el uso de la presente p\u00e1gina Web con fines ilegales o no autorizados.\n\nQueda prohibida cualquier modalidad de explotaci\u00f3n, incluyendo todo tipo de reproducci\u00f3n, distribuci\u00f3n, cesi\u00f3n a terceros, comunicaci\u00f3n p\u00fablica y transformaci\u00f3n, mediante cualquier tipo de soporte y medio, de las obras antes referidas, creaciones y signos distintivos sin autorizaci\u00f3n previa y expresa de sus respectivos titulares. El incumplimiento de esta prohibici\u00f3n podr\u00e1 constituir infracci\u00f3n sancionable por la legislaci\u00f3n vigente.\n\nNo obstante, por su cuenta y riesgo, el usuario podr\u00e1 descargar o realizar copia de tales elementos exclusivamente para su uso personal, siempre que no infrinja ninguno de los derechos de propiedad intelectual o industrial de We Are Sailing Team, ni los altere total o parcialmente. En ning\u00fan caso, ello significar\u00e1 una autorizaci\u00f3n o licencia sobre los derechos de propiedad de We Are Sailing Team.\n\nQueda prohibido, salvo en los casos que expresamente lo autorice We Are Sailing Team, presentar las p\u00e1ginas de We Are Sailing Team, o la informaci\u00f3n contenida en ellas bajo frames o marcos, signos distintivos, marcas o denominaciones sociales o comerciales de otra persona, empresa o entidad.\n<h4>RESPONSABILIDAD<\/h4>\nWe Are Sailing Team no se hace responsable bajo ning\u00fan concepto por ning\u00fan tipo de da\u00f1o que pudiesen ocasionar los Usuarios a la presente p\u00e1gina web, o a cualquier otra, por el uso ilegal o indebido de la misma, o de los contenidos e informaciones accesibles o facilitadas a trav\u00e9s de ella.\n<h4>SERVICIO<\/h4>\nWe Are Sailing Team se reserva el derecho de suspender el acceso a su p\u00e1gina web, sin previo aviso, de forma discrecional y temporal, por razones t\u00e9cnicas o de cualquier otra \u00edndole, pudiendo asimismo modificar unilateralmente tanto las condiciones de acceso, como la totalidad o parte de los contenidos en ella incluidos.\n<h4>HIPERV\u00cdNCULOS<\/h4>\nLos hiperv\u00ednculos contenidos en el sitio web de We Are Sailing Team pueden dirigir a p\u00e1ginas Web de terceros. We Are Sailing Team no asume ninguna responsabilidad por el contenido, informaciones o servicios que pudieran aparecer en dichos sitios, que tendr\u00e1n exclusivamente car\u00e1cter informativo y que en ning\u00fan caso implican relaci\u00f3n alguna entre We Are Sailing Team y a las personas o entidades titulares de tales contenidos o titulares de los sitios donde se encuentren.\n<h4>LEGISLACI\u00d3N APLICABLE Y JURISDICCI\u00d3N<\/h4>\nLas condiciones expuestas se rigen por la legislaci\u00f3n espa\u00f1ola. Para cualquier divergencia surgida del presente Aviso Legal, ambas partes se someten expresamente a los tribunales de la provincia de Barcelona.\t\t\t\t\t\t<\/div>\n\t\t\t\t<\/div>\n\t\t\t\t\t<\/div>\n\t\t<\/div>\n\t\t\t\t\t\t\t<\/div>\n\t\t<\/section>\n\t\t\t\t<section class=\"elementor-section elementor-top-section elementor-element elementor-element-72757f7 elementor-section-full_width elementor-section-height-default elementor-section-height-default\" data-id=\"72757f7\" data-element_type=\"section\" data-settings=\"{&quot;background_background&quot;:&quot;classic&quot;}\">\n\t\t\t\t\t\t<div class=\"elementor-container elementor-column-gap-no\">\n\t\t\t\t\t<div class=\"elementor-column elementor-col-100 elementor-top-column elementor-element elementor-element-1cbdd5c\" data-id=\"1cbdd5c\" data-element_type=\"column\">\n\t\t\t<div class=\"elementor-widget-wrap elementor-element-populated\">\n\t\t\t\t\t\t\t\t<div class=\"elementor-element elementor-element-28c94d9 elementor-widget elementor-widget-text-editor\" data-id=\"28c94d9\" data-element_type=\"widget\" data-widget_type=\"text-editor.default\">\n\t\t\t\t<div class=\"elementor-widget-container\">\n\t\t\t\t\t\t\t<p style=\"text-align: center;\">wearesalingteam \u00a9 2023 |\u00a0<a href=\"https:\/\/wsailing.pro\/politica-privacidad\/\" rel=\"noopener\">Pol\u00edtica de Privacidad<\/a>\u00a0|\u00a0<a href=\"https:\/\/wsailing.pro\/aviso-legal\/\" rel=\"noopener\">Aviso Legal<\/a><\/p>\t\t\t\t\t\t<\/div>\n\t\t\t\t<\/div>\n\t\t\t\t\t<\/div>\n\t\t<\/div>\n\t\t\t\t\t\t\t<\/div>\n\t\t<\/section>\n\t\t\t\t\t\t\t<\/div>\n\t\t","protected":false},"excerpt":{"rendered":"<p>Aviso legal OBJETO La presente p\u00e1gina Web ha sido creada para dar a conocer los servicios y productos ofertados por la entidad We Are Sailing Team, S.L. (en adelante We Are Sailing Team) inscrita en el Registro Mercantil de Madrid, al Tomo 44008, Folio 163, Secci\u00f3n 8, Hoja 776309, Inscripci\u00f3n 2, con CIF B-72.452.543 y [&hellip;]<\/p>\n","protected":false},"author":2,"featured_media":0,"parent":0,"menu_order":0,"comment_status":"closed","ping_status":"closed","template":"elementor_canvas","meta":{"content-type":"","footnotes":""},"class_list":["post-1693","page","type-page","status-publish","hentry"],"_links":{"self":[{"href":"https:\/\/wsailing.pro\/es\/wp-json\/wp\/v2\/pages\/1693","targetHints":{"allow":["GET"]}}],"collection":[{"href":"https:\/\/wsailing.pro\/es\/wp-json\/wp\/v2\/pages"}],"about":[{"href":"https:\/\/wsailing.pro\/es\/wp-json\/wp\/v2\/types\/page"}],"author":[{"embeddable":true,"href":"https:\/\/wsailing.pro\/es\/wp-json\/wp\/v2\/users\/2"}],"replies":[{"embeddable":true,"href":"https:\/\/wsailing.pro\/es\/wp-json\/wp\/v2\/comments?post=1693"}],"version-history":[{"count":37,"href":"https:\/\/wsailing.pro\/es\/wp-json\/wp\/v2\/pages\/1693\/revisions"}],"predecessor-version":[{"id":1737,"href":"https:\/\/wsailing.pro\/es\/wp-json\/wp\/v2\/pages\/1693\/revisions\/1737"}],"wp:attachment":[{"href":"https:\/\/wsailing.pro\/es\/wp-json\/wp\/v2\/media?parent=1693"}],"curies":[{"name":"wp","href":"https:\/\/api.w.org\/{rel}","templated":true}]}}